{"id":3421,"date":"2022-02-23T10:09:45","date_gmt":"2022-02-23T10:09:45","guid":{"rendered":"https:\/\/ordertactics.es\/?page_id=3421"},"modified":"2022-02-23T10:10:43","modified_gmt":"2022-02-23T10:10:43","slug":"legal","status":"publish","type":"page","link":"https:\/\/ordertactics.es\/en\/legal\/","title":{"rendered":"Legal Notice"},"content":{"rendered":"<section id=\"ut-section-6a047a35347b6\" data-vc-full-width=\"true\" data-vc-full-width-init=\"false\" data-cursor-skin=\"global\" class=\"vc_section ut-vc-160 vc_section-has-no-fill ut-section-6a047a35347c0\"><div id=\"ut-row-6a047a3534ed8\" data-vc-full-width=\"true\" data-vc-full-width-init=\"false\" class=\"vc_row wpb_row vc_row-fluid vc_column-gap-0 ut-row-6a047a3534ee1\" ><div class=\"wpb_column vc_column_container vc_col-sm-2\" ><div id=\"ut_inner_column_6a047a3535590\" class=\"vc_column-inner\" ><div class=\"wpb_wrapper\"><\/div><\/div><\/div><div class=\"wpb_column vc_column_container vc_col-sm-8\" ><div id=\"ut_inner_column_6a047a35357e9\" class=\"vc_column-inner\" ><div class=\"wpb_wrapper\">\n\t<div class=\"wpb_text_column wpb_content_element\" >\n\t\t<div class=\"wpb_wrapper\">\n\t\t\t<h2><em>DATOS DEL RESPONSABLE<\/em><\/h2>\n<ul>\n<li><strong>Identity of the person responsible<\/strong>: Alexandra Moreira Guevara<\/li>\n<li><strong>Trade name<\/strong>: Alexandra Moreira Guevara (Order Tactics)<\/li>\n<li><strong>NIF\/CIF<\/strong>: 05333559C<\/li>\n<li><strong>Address<\/strong>: Alcobendas, Madrid<\/li>\n<li><strong>Email<\/strong>: hello@ordertactics.es<\/li>\n<\/ul>\n<p>En este espacio, el usuario, podr\u00e1 encontrar toda la informaci\u00f3n relativa a los t\u00e9rminos y condiciones legales que definen las relaciones entre los usuarios y www.ordertactics.es como responsable de esta web. Como usuario, es importante que conozcas estos t\u00e9rminos antes de continuar tu navegaci\u00f3n.<\/p>\n<p>Alexandra Moreira Guevara (www.ordertactics.es) como responsable de esta web, asume el compromiso de procesar la informaci\u00f3n de sus usuarios y clientes con plenas garant\u00edas y cumplir con los requisitos nacionales y europeos que regulan la recopilaci\u00f3n y uso de los datos personales de los usuarios.<\/p>\n<p>www.ordertactics.es has adapted this website to the requirements of Regulation (EU) 2016\/679 of the European Parliament and of the Council of April 27, 2016, on the protection of personal data with regard to the processing of personal data and the free circulation of these data, and repealing Directive 95\/46 \/ EC (GDPR), as well as Law 34\/2002, of July 11, on Information Society Services and Electronic Commerce (LSSICE or LSSI).<\/p>\n<h2><em>CONDICIONES GENERALES DE USO<\/em><\/h2>\n<p>Las presentes Condiciones Generales regulan el uso (incluyendo el mero acceso) a las p\u00e1ginas de web, integrantes del sitio web de www.ordertactics.es incluidos los contenidos y servicios puestos a disposici\u00f3n en ellas. Toda persona que acceda a la web, https:\/\/www.ordertactics.es (\u201cusuario\u201d) acepta someterse a las Condiciones Generales vigentes en cada momento del portal https:\/\/www.ordertactics.es.<\/p>\n<h2><em>DATOS PERSONALES QUE RECABAMOS Y C\u00d3MO LO HACEMOS<\/em><\/h2>\n<p>Toda la informaci\u00f3n relativa a los datos personales que recogemos a trav\u00e9s de nuestros sitios web y c\u00f3mo los gestionamos, est\u00e1 incluida en cl\u00e1usulas posteriores de este aviso legal, relativas a nuestra pol\u00edtica de privacidad.<\/p>\n<h2><em>COMPROMISOS Y OBLIGACIONES DE LOS USUARIOS<\/em><\/h2>\n<p>El usuario queda informado, y acepta, que el acceso a la presente web no supone, en modo alguno, el inicio de una relaci\u00f3n comercial con www.ordertactics.es. De esta forma, el usuario se compromete a utilizar el sitio web, sus servicios y contenidos sin contravenir la legislaci\u00f3n vigente, la buena fe y el orden p\u00fablico.<\/p>\n<p>Queda prohibido el uso de la web, con fines il\u00edcitos o lesivos, o que, de cualquier forma, puedan causar perjuicio o impedir el normal funcionamiento del sitio web. Respecto de los contenidos de esta web, se proh\u00edbe:<\/p>\n<ul>\n<li>Su reproducci\u00f3n, distribuci\u00f3n o modificaci\u00f3n, total o parcial, a menos que se cuente con la autorizaci\u00f3n de www.ordertactics.es como leg\u00edtimo titular;<\/li>\n<li>Cualquier vulneraci\u00f3n de los derechos del prestador o de www.ordertactics.es como leg\u00edtimo titular;<\/li>\n<li>Su utilizaci\u00f3n para fines comerciales o publicitarios.<\/li>\n<\/ul>\n<p>En la utilizaci\u00f3n de la web, https:\/\/www.ordertactics.es, el usuario se compromete a no llevar a cabo ninguna conducta que pudiera da\u00f1ar la imagen, los intereses y los derechos de www.ordertactics.es o de terceros o que pudiera da\u00f1ar, inutilizar o sobrecargar los portales que impidiera, de cualquier forma, la normal utilizaci\u00f3n de la web.<\/p>\n<p>No obstante, el usuario debe ser consciente de que las medidas de seguridad de los sistemas inform\u00e1ticos en Internet no son enteramente fiables y que, por tanto www.ordertactics.es no puede garantizar la inexistencia de malware u otros elementos que puedan producir alteraciones en los sistemas inform\u00e1ticos (software y hardware) del usuario o en sus documentos electr\u00f3nicos y ficheros contenidos en los mismos aunque se ponen todos los medios necesarios y las medidas de seguridad oportunas para evitar la presencia de estos elementos da\u00f1inos.<\/p>\n<h2><em>PLATAFORMA DE RESOLUCI\u00d3N DE CONFLICTOS<\/em><\/h2>\n<p>Ponemos tambi\u00e9n a disposici\u00f3n de los usuarios la plataforma de resoluci\u00f3n de litigios que facilita la Comisi\u00f3n Europea y que se encuentra disponible en el siguiente enlace:\u00a0<a href=\"http:\/\/ec.europa.eu\/consumers\/odr\/\">http:\/\/ec.europa.eu\/consumers\/odr\/<\/a><\/p>\n<h2><em>DERECHOS DE PROPIEDAD INTELECTUAL E INDUSTRIAL<\/em><\/h2>\n<p>En virtud de lo dispuesto en los art\u00edculos 8 y 32.1, p\u00e1rrafo segundo, de la Ley de Propiedad Intelectual, quedan expresamente prohibidas la reproducci\u00f3n, la distribuci\u00f3n y la comunicaci\u00f3n p\u00fablica, incluida su modalidad de puesta a disposici\u00f3n, de la totalidad o parte de los contenidos de esta p\u00e1gina web, con fines comerciales, en cualquier soporte y por cualquier medio t\u00e9cnico, sin la autorizaci\u00f3n de www.ordertactics.es. El usuario se compromete a respetar los derechos de Propiedad Intelectual e Industrial titularidad de www.ordertactics.es.<\/p>\n<p>El usuario conoce y acepta que la totalidad de los sitios web, conteniendo sin car\u00e1cter exhaustivo el texto, software, contenidos (incluyendo estructura, selecci\u00f3n, ordenaci\u00f3n y presentaci\u00f3n de los mismos) podcast, fotograf\u00edas, material audiovisual y gr\u00e1ficos, est\u00e1 protegida por marcas, derechos de autor y otros derechos leg\u00edtimos, de acuerdo con los tratados internacionales en los que Espa\u00f1a es parte y otros derechos de propiedad y leyes de Espa\u00f1a.<\/p>\n<p>En el caso de que un usuario o un tercero consideren que se ha producido una violaci\u00f3n de sus leg\u00edtimos derechos de propiedad intelectual por la introducci\u00f3n de un determinado contenido en la web, deber\u00e1 notificar dicha circunstancia a www.ordertactics.es indicando:<\/p>\n<ul>\n<li>Datos personales del interesado titular de los derechos presuntamente infringidos, o indicar la representaci\u00f3n con la que act\u00faa en caso de que la reclamaci\u00f3n la presente un tercero distinto del interesado.<\/li>\n<li>Se\u00f1alar los contenidos protegidos por los derechos de propiedad intelectual y su ubicaci\u00f3n en la web, la acreditaci\u00f3n de los derechos de propiedad intelectual se\u00f1alados y declaraci\u00f3n expresa en la que el interesado se responsabiliza de la veracidad de las informaciones facilitadas en la notificaci\u00f3n.<\/li>\n<\/ul>\n<h2><em>ENLACES EXTERNOS<\/em><\/h2>\n<p>Las p\u00e1ginas web de www.ordertactics.es pueden proporcionar enlaces a otros sitios web propios y a contenidos que pueden ser propiedad de terceros.<\/p>\n<h2><em>POL\u00cdTICA DE COMENTARIOS<\/em><\/h2>\n<p>En nuestras webs puede permitirse la realizaci\u00f3n de comentarios para enriquecer los contenidos y realizar consultas.<\/p>\n<p>No se admitir\u00e1n comentarios que no est\u00e9n relacionados con las tem\u00e1ticas de estas webs, que incluyan difamaciones, agravios, insultos, ataques personales o faltas de respeto en general hacia el autor o hacia otros miembros. Estos comentarios ser\u00e1n suprimidos por los administradores de la web.<\/p>\n<p>Tambi\u00e9n ser\u00e1n suprimidos los comentarios que contengan informaci\u00f3n que sea obviamente enga\u00f1osa o falsa, as\u00ed como los comentarios que contengan informaci\u00f3n personal, como, por ejemplo, domicilios privados o tel\u00e9fonos y que vulneren nuestra pol\u00edtica de protecci\u00f3n de datos.<\/p>\n<p>Se desestimar\u00e1, igualmente, aquellos comentarios creados s\u00f3lo con fines promocionales de una web, persona o colectivo y todo lo que pueda ser considerado spam en general.<\/p>\n<p>No se permiten comentarios an\u00f3nimos, as\u00ed como aquellos realizados por una misma persona con distintos apodos. No se considerar\u00e1n tampoco aquellos comentarios que intenten forzar un debate o una toma de postura por otro usuario.<\/p>\n<h2><em>EXCLUSI\u00d3N DE GARANT\u00cdAS Y RESPONSABILIDAD<\/em><\/h2>\n<p>Alexandra Moreira Guevara (www.ordertactics.es) no otorga ninguna garant\u00eda ni se hace responsable, en ning\u00fan caso, de los da\u00f1os y perjuicios de cualquier naturaleza que pudieran traer causa de:<\/p>\n<ul>\n<li>La falta de disponibilidad, mantenimiento y efectivo funcionamiento de las webs, o de sus servicios y contenidos;<\/li>\n<li>La existencia de malware, programas maliciosos o lesivos en los contenidos;<\/li>\n<li>El uso il\u00edcito, negligente, fraudulento o contrario a este Aviso Legal;<\/li>\n<li>La falta de licitud, calidad, fiabilidad, utilidad y disponibilidad de los servicios prestados por terceros y puestos a disposici\u00f3n de los usuarios en el sitio web.<\/li>\n<li>El prestador no se hace responsable bajo ning\u00fan concepto de los da\u00f1os que pudieran dimanar del uso ilegal o indebido de las presentes p\u00e1ginas web.<\/li>\n<\/ul>\n<h2><em>LEY APLICABLE Y JURISDICCI\u00d3N<\/em><\/h2>\n<p>Con car\u00e1cter general las relaciones entre www.ordertactics.es con los usuarios de sus servicios telem\u00e1ticos, presentes en esta web se encuentran sometidas a la legislaci\u00f3n y jurisdicci\u00f3n espa\u00f1olas y a los tribunales de PORTUGALETE.<\/p>\n<h2><em>CONTACTO<\/em><\/h2>\n<p>En caso de que cualquier usuario tuviese alguna duda acerca de estas Condiciones legales o cualquier comentario sobre el portal https:\/\/www.ordertactics.es, por favor dir\u00edjase a hola@ordertactics.es.<\/p>\n<p><em>See also: <a href=\"\/en\/privacy-policy\/\" target=\"_blank\" rel=\"noopener\">Privacy Policy<\/a><\/em><\/p>\n<p><em>Esta Nota Legal ha sido actualizada por \u00faltima vez el 23 de febrero de 2022.<\/em><\/p>\n\n\t\t<\/div>\n\t<\/div>\n<\/div><\/div><\/div><div class=\"wpb_column vc_column_container vc_col-sm-2\" ><div id=\"ut_inner_column_6a047a3535e6e\" class=\"vc_column-inner\" ><div class=\"wpb_wrapper\"><\/div><\/div><\/div><\/div><div class=\"vc_row-full-width vc_clearfix\"><\/div><a data-id=\"section-without-id\" class=\"ut-vc-offset-anchor-bottom\" name=\"section-without-id\"><\/a><\/section><div class=\"vc_row-full-width vc_clearfix\"><\/div>","protected":false},"excerpt":{"rendered":"DATOS DEL RESPONSABLE Identidad del responsable: Alexandra Moreira Guevara Nombre comercial: Alexandra Moreira Guevara (Order Tactics) NIF\/CIF: 05333559C Direcci\u00f3n: Alcobendas, Madrid Correo electr\u00f3nico: hola@ordertactics.es En este espacio, el usuario, podr\u00e1 encontrar toda la informaci\u00f3n relativa a los t\u00e9rminos y condiciones legales que definen las relaciones entre los usuarios y www.ordertactics.es como responsable de esta web. [...]","protected":false},"author":2,"featured_media":0,"parent":0,"menu_order":0,"comment_status":"closed","ping_status":"closed","template":"","meta":[],"yoast_head":"<!-- This site is optimized with the Yoast SEO plugin v18.2 - https:\/\/yoast.com\/wordpress\/plugins\/seo\/ -->\n<title>Nota Legal - Order Tactics<\/title>\n<meta name=\"robots\" content=\"noindex, nofollow\" \/>\n<meta property=\"og:locale\" content=\"en_US\" \/>\n<meta property=\"og:type\" content=\"article\" \/>\n<meta property=\"og:title\" content=\"Nota Legal - Order Tactics\" \/>\n<meta property=\"og:url\" content=\"https:\/\/ordertactics.es\/en\/legal\/\" \/>\n<meta property=\"og:site_name\" content=\"Order Tactics\" \/>\n<meta property=\"article:modified_time\" content=\"2022-02-23T10:10:43+00:00\" \/>\n<meta name=\"twitter:card\" content=\"summary_large_image\" \/>\n<meta name=\"twitter:label1\" content=\"Est. reading time\" \/>\n\t<meta name=\"twitter:data1\" content=\"7 minutes\" \/>\n<script type=\"application\/ld+json\" class=\"yoast-schema-graph\">{\"@context\":\"https:\/\/schema.org\",\"@graph\":[{\"@type\":\"WebSite\",\"@id\":\"https:\/\/ordertactics.es\/#website\",\"url\":\"https:\/\/ordertactics.es\/\",\"name\":\"Order Tactics\",\"description\":\"Organizing your world\",\"potentialAction\":[{\"@type\":\"SearchAction\",\"target\":{\"@type\":\"EntryPoint\",\"urlTemplate\":\"https:\/\/ordertactics.es\/?s={search_term_string}\"},\"query-input\":\"required name=search_term_string\"}],\"inLanguage\":\"en-US\"},{\"@type\":\"WebPage\",\"@id\":\"https:\/\/ordertactics.es\/legal\/#webpage\",\"url\":\"https:\/\/ordertactics.es\/legal\/\",\"name\":\"Nota Legal - Order Tactics\",\"isPartOf\":{\"@id\":\"https:\/\/ordertactics.es\/#website\"},\"datePublished\":\"2022-02-23T10:09:45+00:00\",\"dateModified\":\"2022-02-23T10:10:43+00:00\",\"breadcrumb\":{\"@id\":\"https:\/\/ordertactics.es\/legal\/#breadcrumb\"},\"inLanguage\":\"en-US\",\"potentialAction\":[{\"@type\":\"ReadAction\",\"target\":[\"https:\/\/ordertactics.es\/legal\/\"]}]},{\"@type\":\"BreadcrumbList\",\"@id\":\"https:\/\/ordertactics.es\/legal\/#breadcrumb\",\"itemListElement\":[{\"@type\":\"ListItem\",\"position\":1,\"name\":\"Portada\",\"item\":\"https:\/\/ordertactics.es\/\"},{\"@type\":\"ListItem\",\"position\":2,\"name\":\"Nota Legal\"}]}]}<\/script>\n<!-- \/ Yoast SEO plugin. -->","yoast_head_json":{"title":"Nota Legal - Order Tactics","robots":{"index":"noindex","follow":"nofollow"},"og_locale":"en_US","og_type":"article","og_title":"Nota Legal - Order Tactics","og_url":"https:\/\/ordertactics.es\/en\/legal\/","og_site_name":"Order Tactics","article_modified_time":"2022-02-23T10:10:43+00:00","twitter_card":"summary_large_image","twitter_misc":{"Est. reading time":"7 minutes"},"schema":{"@context":"https:\/\/schema.org","@graph":[{"@type":"WebSite","@id":"https:\/\/ordertactics.es\/#website","url":"https:\/\/ordertactics.es\/","name":"Order Tactics","description":"Organizing your world","potentialAction":[{"@type":"SearchAction","target":{"@type":"EntryPoint","urlTemplate":"https:\/\/ordertactics.es\/?s={search_term_string}"},"query-input":"required name=search_term_string"}],"inLanguage":"en-US"},{"@type":"WebPage","@id":"https:\/\/ordertactics.es\/legal\/#webpage","url":"https:\/\/ordertactics.es\/legal\/","name":"Nota Legal - Order Tactics","isPartOf":{"@id":"https:\/\/ordertactics.es\/#website"},"datePublished":"2022-02-23T10:09:45+00:00","dateModified":"2022-02-23T10:10:43+00:00","breadcrumb":{"@id":"https:\/\/ordertactics.es\/legal\/#breadcrumb"},"inLanguage":"en-US","potentialAction":[{"@type":"ReadAction","target":["https:\/\/ordertactics.es\/legal\/"]}]},{"@type":"BreadcrumbList","@id":"https:\/\/ordertactics.es\/legal\/#breadcrumb","itemListElement":[{"@type":"ListItem","position":1,"name":"Portada","item":"https:\/\/ordertactics.es\/"},{"@type":"ListItem","position":2,"name":"Nota Legal"}]}]}},"_links":{"self":[{"href":"https:\/\/ordertactics.es\/en\/wp-json\/wp\/v2\/pages\/3421"}],"collection":[{"href":"https:\/\/ordertactics.es\/en\/wp-json\/wp\/v2\/pages"}],"about":[{"href":"https:\/\/ordertactics.es\/en\/wp-json\/wp\/v2\/types\/page"}],"author":[{"embeddable":true,"href":"https:\/\/ordertactics.es\/en\/wp-json\/wp\/v2\/users\/2"}],"replies":[{"embeddable":true,"href":"https:\/\/ordertactics.es\/en\/wp-json\/wp\/v2\/comments?post=3421"}],"version-history":[{"count":2,"href":"https:\/\/ordertactics.es\/en\/wp-json\/wp\/v2\/pages\/3421\/revisions"}],"predecessor-version":[{"id":3423,"href":"https:\/\/ordertactics.es\/en\/wp-json\/wp\/v2\/pages\/3421\/revisions\/3423"}],"wp:attachment":[{"href":"https:\/\/ordertactics.es\/en\/wp-json\/wp\/v2\/media?parent=3421"}],"curies":[{"name":"wp","href":"https:\/\/api.w.org\/{rel}","templated":true}]}}