{"id":2813,"date":"2018-05-02T06:42:44","date_gmt":"2018-05-02T06:42:44","guid":{"rendered":"http:\/\/themeforest.unitedthemes.com\/wpversions\/brooklyn\/xml\/demo13\/?page_id=2813"},"modified":"2022-03-01T19:42:57","modified_gmt":"2022-03-01T19:42:57","slug":"contacto","status":"publish","type":"page","link":"https:\/\/ordertactics.es\/en\/contact\/","title":{"rendered":"Contact"},"content":{"rendered":"<section id=\"ut-section-6a0479b0e1dba\" data-vc-full-width=\"true\" data-vc-full-width-init=\"false\" data-cursor-skin=\"global\" class=\"vc_section ut-vc-160 vc_section-has-no-fill ut-section-6a0479b0e1dc4\"><div id=\"ut-row-6a0479b0e2472\" data-vc-full-width=\"true\" data-vc-full-width-init=\"false\" class=\"vc_row wpb_row vc_row-fluid vc_column-gap-0 ut-row-6a0479b0e247c\" ><div class=\"wpb_column vc_column_container vc_col-sm-12\" ><div id=\"ut_inner_column_6a0479b0e2aea\" class=\"vc_column-inner\" ><div class=\"wpb_wrapper\"><div class=\"wpb_content_element\"><style type=\"text\/css\">#ut_header_6a0479b0f06ea h2.section-title { font-size:70px !important;line-height:70px !important;letter-spacing:-0.03em; }<\/style><header id=\"ut_header_6a0479b0f06ea\" class=\"section-header  ut-no-title-linebreak-mobile ut-no-lead-linebreak-mobile pt-style-2 header-left header-tablet-left header-mobile-center element-with-custom-line-height\"><div class=\"element-with-custom-line-height\" ><h2 data-title=\"Com\u00e9ntame tus dudas\"  data-responsive-font=\"section_title\" data-responsive-font-settings=\"{&quot;base-font-size&quot;:&quot;global&quot;,&quot;font-size&quot;:{&quot;desktop_large&quot;:&quot;70&quot;},&quot;base-line-height&quot;:&quot;global&quot;,&quot;line-height&quot;:{&quot;desktop_large&quot;:&quot;70&quot;},&quot;base-letter-spacing&quot;:&quot;global&quot;,&quot;letter-spacing&quot;:{&quot;desktop_large&quot;:&quot;-0.03&quot;}}\" class=\"section-title\"><span>Com\u00e9ntame tus dudas<\/span><\/h2><\/div><div data-delay=\"0\" class=\"lead\"><p>I&#039;d be delighted to meet you!<\/p>\n<\/div><\/header><\/div>\n\t<div class=\"wpb_text_column wpb_content_element\" >\n\t\t<div class=\"wpb_wrapper\">\n\t\t\t<h3><a href=\"mailto:hola@ordertactics.es\">hello@ordertactics.es<\/a><br \/>\n<a href=\"tel:661872357\">661 872 357<\/a><\/h3>\n\n\t\t<\/div>\n\t<\/div>\n<\/div><\/div><\/div><\/div><div class=\"vc_row-full-width vc_clearfix\"><\/div><div id=\"formulario\" data-vc-full-width=\"true\" data-vc-full-width-init=\"false\" class=\"vc_row wpb_row vc_row-fluid vc_column-gap-0 ut-row-6a0479b1795e8\" ><div class=\"wpb_column vc_column_container vc_col-sm-6\" ><div id=\"ut_inner_column_6a0479b179ab7\" class=\"vc_column-inner\" ><div class=\"wpb_wrapper\"><div id=\"ut_cf7_colors_6a0479b179b26\" class=\"wpb_content_element\"><div role=\"form\" class=\"wpcf7\" id=\"wpcf7-f14-o1\" lang=\"es-ES\" dir=\"ltr\">\n<div class=\"screen-reader-response\"><p role=\"status\" aria-live=\"polite\" aria-atomic=\"true\"><\/p> <ul><\/ul><\/div>\n<form action=\"\/wp-json\/wp\/v2\/pages\/2813\" method=\"post\" class=\"wpcf7-form init\" novalidate=\"novalidate\" data-status=\"init\" data-trp-original-action=\"\/en\/wp-json\/wp\/v2\/pages\/2813#wpcf7-f14-o1\">\n<div style=\"display: none;\">\n<input type=\"hidden\" name=\"_wpcf7\" value=\"14\" \/>\n<input type=\"hidden\" name=\"_wpcf7_version\" value=\"5.5.5\" \/>\n<input type=\"hidden\" name=\"_wpcf7_locale\" value=\"es_ES\" \/>\n<input type=\"hidden\" name=\"_wpcf7_unit_tag\" value=\"wpcf7-f14-o1\" \/>\n<input type=\"hidden\" name=\"_wpcf7_container_post\" value=\"0\" \/>\n<input type=\"hidden\" name=\"_wpcf7_posted_data_hash\" value=\"\" \/>\n<\/div>\n<div class=\"\"><label><span class=\"wpcf7-form-control-wrap your-name\"><input type=\"text\" name=\"your-name\" value=\"\" size=\"40\" class=\"wpcf7-form-control wpcf7-text wpcf7-validates-as-required\" aria-required=\"true\" aria-invalid=\"false\" placeholder=\"Name *\" \/><\/span> <\/label><\/div>\n<div class=\"\"><label><span class=\"wpcf7-form-control-wrap telefono\"><input type=\"tel\" name=\"telefono\" value=\"\" size=\"40\" class=\"wpcf7-form-control wpcf7-text wpcf7-tel wpcf7-validates-as-required wpcf7-validates-as-tel\" aria-required=\"true\" aria-invalid=\"false\" placeholder=\"Phone *\" \/><\/span> <\/label><\/div>\n<div class=\"\"><label><span class=\"wpcf7-form-control-wrap your-email\"><input type=\"email\" name=\"your-email\" value=\"\" size=\"40\" class=\"wpcf7-form-control wpcf7-text wpcf7-email wpcf7-validates-as-required wpcf7-validates-as-email\" aria-required=\"true\" aria-invalid=\"false\" placeholder=\"Email *\" \/><\/span> <\/label><\/div>\n<div class=\"\"><label><span class=\"wpcf7-form-control-wrap your-message\"><textarea name=\"your-message\" cols=\"40\" rows=\"10\" class=\"wpcf7-form-control wpcf7-textarea wpcf7-validates-as-required\" aria-required=\"true\" aria-invalid=\"false\" placeholder=\"Message *\"><\/textarea><\/span> <\/label><\/div>\n<div class=\"texto-legal-forms\">\n<u>Responsible<\/u> \u00bb Order Tactics (Alexandra Moreira) - NIF: 05333559C.<br \/>\n<u>Purpose<\/u> \u00bb Provide the information requested, manage the agenda, and sell our products.<br \/>\n<u>Postal address<\/u> \u00bb c\/ Quejigo 91, 28109, Alcobendas, Madrid.<br \/>\n<u>Email<\/u> \u00bb hello@ordertactics.es<br \/>\n<u>Legitimation<\/u> \u00bb At the request of the interested party.<br \/>\n<u>Recipients<\/u> \u00bb Data is not transferred or shared without the consent of the interested parties.<br \/>\n<u>Expiration<\/u> \u00bb While the requested action lasts.\n<\/div>\n<div class=\"comercial\"><span class=\"wpcf7-form-control-wrap comercial\"><span class=\"wpcf7-form-control wpcf7-acceptance optional\"><span class=\"wpcf7-list-item\"><label><input type=\"checkbox\" name=\"comercial\" value=\"1\" aria-invalid=\"false\" \/><span class=\"wpcf7-list-item-label\">I agree to receive communications about your products and services for marketing purposes.<\/span><\/label><\/span><\/span><\/span><\/div>\n<div class=\"aceptacion\"><span class=\"wpcf7-form-control-wrap Privacidad\"><span class=\"wpcf7-form-control wpcf7-acceptance\"><span class=\"wpcf7-list-item\"><label><input type=\"checkbox\" name=\"Privacidad\" value=\"1\" aria-invalid=\"false\" \/><span class=\"wpcf7-list-item-label\">I accept the <a rel=\"nofollow\" target=\"_blank\" href=\"\/en\/legal\/\">Privacy Policy<\/a>.<\/span><\/label><\/span><\/span><\/span><\/div>\n<p><input type=\"submit\" value=\"Send\" class=\"wpcf7-form-control has-spinner wpcf7-submit\" \/><\/p>\n<div class=\"wpcf7-response-output\" aria-hidden=\"true\"><\/div><input type=\"hidden\" name=\"trp-form-language\" value=\"en\"\/><\/form><\/div><\/div><\/div><\/div><\/div><div class=\"wpb_column vc_column_container vc_col-sm-6\" ><div id=\"ut_inner_column_6a0479b17a381\" class=\"vc_column-inner\" ><div class=\"wpb_wrapper\"><div class=\"wpb_content_element\"><style type=\"text\/css\">#ut_accordion_6a0479b17a3fd .ut-accordion-module-item.open .ut-accordion-module-heading { color: rgba(154, 184, 172, 1) }#ut_accordion_6a0479b17a3fd .ut-accordion-module-heading:hover { color: rgba(154, 184, 172, 1) }#ut_accordion_6a0479b17a3fd .ut-accordion-module-heading:active { color: rgba(154, 184, 172, 1) }#ut_accordion_6a0479b17a3fd .ut-accordion-module-heading:focus { color: rgba(154, 184, 172, 1) }#ut_accordion_6a0479b17a3fd .ut-accordion-module-item { border-top-style:solid; }#ut_accordion_6a0479b17a3fd .ut-accordion-module-item:last-child { border-top-style:solid; border-bottom-style:solid; }#ut_accordion_6a0479b17a3fd .ut-accordion-module-heading::before { -webkit-border-radius: 50%; -moz-border-radius: 50%; border-radius: 50%; }<\/style><div id=\"ut_accordion_6a0479b17a3fd\" data-accordion-group class=\"ut-accordion-module ut-accordion-module-group  ut-accordion-module-with-counter ut-accordion-module-with-border\"><div data-accordion data-transition=\"400\" data-easing=\"ease\" class=\"ut-accordion-module-item\"><h3 data-control class=\"ut-accordion-module-heading\" data-counter=\"1\">\u00bfDudas sobre tu presupuesto?<\/h3><div data-content class=\"ut-accordion-module-content\"><div class=\"ut-accordion-module-inner entry-content clearfix\"><p>Podr\u00e1s pedir tu presupuesto personalizado sin compromiso alguno. No te quedes con las ganas de comentarme tus dudas.<\/p>\n<\/div><\/div><\/div><div data-accordion data-transition=\"400\" data-easing=\"ease\" class=\"ut-accordion-module-item\"><h3 data-control class=\"ut-accordion-module-heading\" data-counter=\"2\">\u00bfQu\u00e9 pasos tendr\u00e9 que seguir?<\/h3><div data-content class=\"ut-accordion-module-content\"><div class=\"ut-accordion-module-inner entry-content clearfix\"><p>Primero concertaremos una cita para conocernos y saber todas tus necesidades. Esta cita ser\u00e1 totalmente gratuita y, gracias a la cual, podr\u00e9 preparar tu presupuesto personalizado sin compromiso alguno.<\/p>\n<p>Por \u00faltimo, nos pondremos manos a la obra. Revisaremos, haremos descartes, ordenando y organizando por categorias cada cosa previamente hablada.<\/p>\n<\/div><\/div><\/div><div data-accordion data-transition=\"400\" data-easing=\"ease\" class=\"ut-accordion-module-item\"><h3 data-control class=\"ut-accordion-module-heading\" data-counter=\"3\">\u00bfQuieres regalar orden?<\/h3><div data-content class=\"ut-accordion-module-content\"><div class=\"ut-accordion-module-inner entry-content clearfix\"><p>Un regalo perfecto que no caduca con el paso del tiempo, ya que con mi m\u00e9todo le ense\u00f1ar\u00e9 mis mejores t\u00e1cticas para que el orden permanezca en su vida.<\/p>\n<\/div><\/div><\/div><\/div><\/div><\/div><\/div><\/div><\/div><div class=\"vc_row-full-width vc_clearfix\"><\/div><a data-id=\"section-without-id\" class=\"ut-vc-offset-anchor-bottom\" name=\"section-without-id\"><\/a><\/section><div class=\"vc_row-full-width vc_clearfix\"><\/div><style>.vc_custom_1644995717032{padding-top: 260px !important;background-image: url(https:\/\/ordertactics.es\/wp-content\/uploads\/2022\/02\/Order-tactics-rrss-sentada.jpg?id=3276) !important;background-position: center !important;background-repeat: no-repeat !important;background-size: cover !important;}.vc_custom_1644930440933{margin-bottom: 20px !important;}<\/style><section id=\"ut-section-6a0479b17b715\" data-vc-full-width=\"true\" data-vc-full-width-init=\"false\" data-background-image=\"https:\/\/ordertactics.es\/wp-content\/uploads\/2022\/02\/Order-tactics-rrss-sentada.jpg?id=3276\" data-cursor-skin=\"global\" class=\"vc_section ut-vc-160 vc_section-has-fill ut-section-6a0479b17b71b ut-background-lozad bklyn-section-with-overlay bklyn-section-with-overlay-effect bklyn-section-with-separator bklyn-section-separator-tablet-off bklyn-section-separator-mobile-off\"><div id=\"ut-section-overlay-6a0479b17bae6\" class=\"bklyn-overlay\"><\/div><div id=\"ut-section-overlay-effect-6a0479b17bae7\" class=\"bklyn-overlay-effect\" data-effect-config='{\"particles\":{\"number\":{\"value\":\"20\",\"density\":{\"value_area\":\"800\"}},\"move\":{\"speed\":\"5\",\"out_mode\":\"out\",\"direction\":\"top-right\"},\"shape\":{\"type\":\"circle\"},\"color\":{\"value\":\"#ffffff\"},\"line_linked\":{\"color\":\"#FFFFFF\",\"enable\":false},\"opacity\":{\"random\":true,\"anim\":{\"enable\":true,\"speed\":1}},\"size\":{\"value\":\"3\",\"random\":true}},\"interactivity\":{\"events\":{\"onhover\":{\"enable\":false,\"mode\":\"repulse\"},\"onclick\":{\"enable\":false},\"resize\":false},\"modes\":{\"bubble\":{\"size\":\"6\",\"distance\":400,\"opacity\":0},\"grab\":{\"distance\":400}}},\"retina_detect\":true}'><\/div><div id=\"ut-separator-6a0479b17c5ca\" class=\"bklyn-section-separator bklyn-section-separator-top bklyn-section-separator-triple-wave-1 hide-on-tablet hide-on-mobile\"><style type=\"text\/css\">#ut-separator-6a0479b17c5ca{ width: calc(100% + 2px); }#ut-separator-6a0479b17c5ca svg { width: calc(100% + 2px); left: 50%; }#ut-separator-6a0479b17c5ca svg { -webkit-transform: translateX( -50% ); -ms-transform: translateX( -50% ); transform: translateX( -50% ); }#ut-separator-6a0479b17c5ca{ height: 15%; }#ut-separator-6a0479b17c5ca svg { height: 100%; }@media (min-width: 768px) and (max-width: 1024px) {#ut-separator-6a0479b17c5ca{ width: calc(100% + 2px); }#ut-separator-6a0479b17c5ca svg { width: calc(100% + 2px); left: 50%; }#ut-separator-6a0479b17c5ca svg { -webkit-transform: translateX( -50% ); -ms-transform: translateX( -50% ); transform: translateX( -50% ); }}@media (max-width: 767px) {#ut-separator-6a0479b17c5ca{ width: calc(100% + 2px); }#ut-separator-6a0479b17c5ca svg { width: calc(100% + 2px); left: 50%; }#ut-separator-6a0479b17c5ca svg { -webkit-transform: translateX( -50% ); -ms-transform: translateX( -50% ); transform: translateX( -50% ); }}<\/style><svg id=\"ut-svg-6a0479b17c5b4\" xmlns=\"http:\/\/www.w3.org\/2000\/svg\" viewbox=\"0 0 1920 435\" preserveaspectratio=\"none\">\n    <style type=\"text\/css\">.ut-svg-color-6a0479b17c5b8{ fill: rgba(255,255,255,0.15) !important }.ut-svg-color-6a0479b17c5be{ fill: rgba(255,255,255,0.3) !important }.ut-svg-color-6a0479b17c5c1{ fill: #ffffff !important }<\/style>\n    \n    <path  class=\"ut-svg-color-6a0479b17c5b8 bklyn-section-separator-path-fill\" d=\"M1920,435.1H0V49c32.8,32,92.7,82.1,180,108.3C486.8,249.6,554.4-28.5,918,9.1C1152.9,33.4,1328.5,180,1602,176 c137.7-2,248.9-43,318-75C1920,229.7,1920,306.4,1920,435.1z\"\/>\n    <path  class=\"ut-svg-color-6a0479b17c5be bklyn-section-separator-path-fill\" d=\"M1920,288.1c-228,42-357.8,100.5-489,54c-254.1-90-325.1-324.6-603-315C619.8,34.3,532.8,150,280.5,228.8\tc-136.7,42.7-178-42.7-280.5-48.6v255h1920V288.1z\"\/>\n    <path  class=\"ut-svg-color-6a0479b17c5c1 bklyn-section-separator-path-fill\" d=\"M1920,435.1H0v-215c81,5,135,77,243,41c199.3-66.4,294.5-143.1,405-162c315-54,384.2,131.1,585,207 c165,62.4,385,129,687-120C1920,236.1,1920,385.1,1920,435.1z\"\/>    \n<\/svg><\/div><div id=\"ut-row-6a0479b17cc2a\" data-vc-full-width=\"true\" data-vc-full-width-init=\"false\" class=\"vc_row wpb_row vc_row-fluid vc_column-gap-0 ut-row-6a0479b17cc33\" ><div class=\"wpb_column vc_column_container vc_col-sm-3\" ><div id=\"ut_inner_column_6a0479b17d0fc\" class=\"vc_column-inner\" ><div class=\"wpb_wrapper\"><div  class=\"wpb_content_element   vc_custom_1644930440933 clearfix\"><style type=\"text\/css\">#ut_am_6a0479b17d51c { opacity: 1; }#ut_am_wrap_6a0479b17d51d .ut-image-gallery-item-caption-title h3 { letter-spacing: 0em; }#ut_am_wrap_6a0479b17d51d .ut-gallery-slider-caption { font-weight: bold; }#ut_am_wrap_6a0479b17d51d { text-align: center; }@media (min-width: 768px) and (max-width: 1024px) { #ut_am_wrap_6a0479b17d51d { text-align: center !important; } }@media (max-width: 767px) { #ut_am_wrap_6a0479b17d51d { text-align: center !important; } }<\/style><div id=\"ut_am_wrap_6a0479b17d51d\" class=\"ut-image-gallery-image\"><div id=\"ut_reveal_6a0479b17d51e\"  data-appear-top-offset=\"auto\" class=\"ut-animated-image-item ut-image-gallery-item ut-animation-done\"><a class=\"ut-deactivated-link\" href=\"#\"><div class=\"ut-animated-image-zoom\"><img class=\"ut-lazy skip-lazy ut-animated-image\"  id=\"ut_am_6a0479b17d51c\" src=\"data:image\/svg+xml;charset=utf-8,%3Csvg xmlns%3D'http%3A%2F%2Fwww.w3.org%2F2000%2Fsvg' viewBox%3D'0 0 178 162'%2F%3E\" data-src=\"https:\/\/ordertactics.es\/wp-content\/uploads\/2022\/02\/Order-tactics-byalex-vblanco.png\" width=\"178\" height=\"162\" alt=\"\"\/><\/div><\/a><\/div><\/div><\/div><\/div><\/div><\/div><div class=\"wpb_column vc_column_container vc_col-sm-3\" ><div id=\"ut_inner_column_6a0479b17d7a2\" class=\"vc_column-inner\" ><div class=\"wpb_wrapper\"><div class=\"wpb_content_element\"><style type=\"text\/css\">#ut_bi_6a0479b17d82f .bklyn-big-icon-link i { color: #ffffff; }#ut_bi_6a0479b17d82f .bklyn-big-icon-link .bklyn-big-icon { background: rgba(21,21,21,0.2); }#ut_bi_6a0479b17d82f .bklyn-big-icon-link:hover i { color: #ffffff; }#ut_bi_6a0479b17d82f .bklyn-big-icon-link:hover .bklyn-big-icon { background: rgba(21,21,21,0.3); }#ut_bi_6a0479b17d82f .bklyn-big-icon-slogan { color: rgba(255,255,255,0.8); }#ut_bi_6a0479b17d82f .bklyn-big-icon-title { color: #ffffff; }<\/style><div id=\"ut_bi_6a0479b17d82f\" class=\"bklyn-big-icon-wrap\"><a title=\"Send me an email\" class=\"bklyn-big-icon-link\" target=\"_self\" href=\"mailto:hola@ordertactics.es\" ><div class=\"bklyn-big-icon bklyn-big-icon-round\"><div class=\"bklyn-big-icon-inner\"><i class=\"fa fa-envelope-o\"><\/i><\/div><\/div><h3 class=\"bklyn-big-icon-title\">Mail<\/h3><div class=\"bklyn-big-icon-slogan\">hello@ordertactics.es<\/div><\/a><\/div><\/div><\/div><\/div><\/div><div class=\"wpb_column vc_column_container vc_col-sm-3\" ><div id=\"ut_inner_column_6a0479b17daa5\" class=\"vc_column-inner\" ><div class=\"wpb_wrapper\"><div class=\"wpb_content_element\"><style type=\"text\/css\">#ut_bi_6a0479b17db1b .bklyn-big-icon-link i { color: #ffffff; }#ut_bi_6a0479b17db1b .bklyn-big-icon-link .bklyn-big-icon { background: rgba(21,21,21,0.2); }#ut_bi_6a0479b17db1b .bklyn-big-icon-link:hover i { color: #ffffff; }#ut_bi_6a0479b17db1b .bklyn-big-icon-link:hover .bklyn-big-icon { background: rgba(21,21,21,0.3); }#ut_bi_6a0479b17db1b .bklyn-big-icon-slogan { color: rgba(255,255,255,0.8); }#ut_bi_6a0479b17db1b .bklyn-big-icon-title { color: #ffffff; }<\/style><div id=\"ut_bi_6a0479b17db1b\" class=\"bklyn-big-icon-wrap\"><a title=\"Call me\" class=\"bklyn-big-icon-link\" target=\"_self\" href=\"tel:661872357\" ><div class=\"bklyn-big-icon bklyn-big-icon-round\"><div class=\"bklyn-big-icon-inner\"><i class=\"fa fa-whatsapp\"><\/i><\/div><\/div><h3 class=\"bklyn-big-icon-title\">Phone<\/h3><div class=\"bklyn-big-icon-slogan\">661 872 357<\/div><\/a><\/div><\/div><\/div><\/div><\/div><div class=\"wpb_column vc_column_container vc_col-sm-3\" ><div id=\"ut_inner_column_6a0479b17dd3e\" class=\"vc_column-inner\" ><div class=\"wpb_wrapper\"><div class=\"wpb_content_element\"><style type=\"text\/css\">#ut_bi_6a0479b17ddba .bklyn-big-icon-link i { color: #ffffff; }#ut_bi_6a0479b17ddba .bklyn-big-icon-link .bklyn-big-icon { background: rgba(21,21,21,0.2); }#ut_bi_6a0479b17ddba .bklyn-big-icon-link:hover i { color: #ffffff; }#ut_bi_6a0479b17ddba .bklyn-big-icon-link:hover .bklyn-big-icon { background: rgba(21,21,21,0.3); }#ut_bi_6a0479b17ddba .bklyn-big-icon-slogan { color: rgba(255,255,255,0.8); }#ut_bi_6a0479b17ddba .bklyn-big-icon-title { color: #ffffff; }<\/style><div id=\"ut_bi_6a0479b17ddba\" class=\"bklyn-big-icon-wrap\"><a title=\"Instagram\" class=\"bklyn-big-icon-link\" target=\"_self\" href=\"https:\/\/www.instagram.com\/ordertactics\/\" ><div class=\"bklyn-big-icon bklyn-big-icon-round\"><div class=\"bklyn-big-icon-inner\"><i class=\"fa fa-instagram\"><\/i><\/div><\/div><h3 class=\"bklyn-big-icon-title\">Instagram<\/h3><div class=\"bklyn-big-icon-slogan\">Latest images<\/div><\/a><\/div><\/div><\/div><\/div><\/div><\/div><div class=\"vc_row-full-width vc_clearfix\"><\/div><a data-id=\"section-without-id\" class=\"ut-vc-offset-anchor-bottom\" name=\"section-without-id\"><\/a><style type=\"text\/css\">#ut-section-6a0479b17b715{padding-top: 260px !important;background-position:center center !important;;background-repeat: no-repeat !important;background-size: cover !important;}#ut-section-overlay-6a0479b17bae6{background-image:  -webkit-linear-gradient(60deg, rgba(0, 0, 0, 0.2) 0%, transparent 100%)  ;background-image:  -moz-linear-gradient(60deg, rgba(0, 0, 0, 0.2) 0%, transparent 100%)  ;background-image:  -o-linear-gradient(60deg, rgba(0, 0, 0, 0.2) 0%, transparent 100%)  ;background-image:  linear-gradient(60deg, rgba(0, 0, 0, 0.2) 0%, transparent 100%)  ;} <\/style><\/section><div class=\"vc_row-full-width vc_clearfix\"><\/div>","protected":false},"excerpt":{"rendered":"#ut_header_6a0479b190049 h2.section-title { font-size:70px !important;line-height:70px !important;letter-spacing:-0.03em; }Com\u00e9ntame tus dudas\u00a1Estar\u00e9 encantada de conocerte! hola@ordertactics.es 661 872 357 Responsable \u00bb Order Tactics (Alexandra Moreira) - NIF: 05333559C. Finalidad \u00bb Proporcionar la informaci\u00f3n que se nos pide, gestionar la agenda y vender nuestros productos. Direcci\u00f3n postal \u00bb c\/ Quejigo 91, 28109, Alcobendas, Madrid. Correo electr\u00f3nico \u00bb hola@ordertactics.es Legitimaci\u00f3n [...]","protected":false},"author":1,"featured_media":3286,"parent":0,"menu_order":0,"comment_status":"closed","ping_status":"closed","template":"","meta":[],"yoast_head":"<!-- This site is optimized with the Yoast SEO plugin v18.2 - https:\/\/yoast.com\/wordpress\/plugins\/seo\/ -->\n<title>Contacto - Order Tactics<\/title>\n<meta name=\"robots\" content=\"index, follow, max-snippet:-1, max-image-preview:large, max-video-preview:-1\" \/>\n<link rel=\"canonical\" href=\"https:\/\/ordertactics.es\/en\/contact\/\" \/>\n<meta property=\"og:locale\" content=\"en_US\" \/>\n<meta property=\"og:type\" content=\"article\" \/>\n<meta property=\"og:title\" content=\"Contacto - Order Tactics\" \/>\n<meta property=\"og:url\" content=\"https:\/\/ordertactics.es\/en\/contact\/\" \/>\n<meta property=\"og:site_name\" content=\"Order Tactics\" \/>\n<meta property=\"article:modified_time\" content=\"2022-03-01T19:42:57+00:00\" \/>\n<meta property=\"og:image\" content=\"https:\/\/ordertactics.es\/wp-content\/uploads\/2022\/02\/Order-tactics-contacto-cita.jpg\" \/>\n\t<meta property=\"og:image:width\" content=\"1920\" \/>\n\t<meta property=\"og:image:height\" content=\"1280\" \/>\n\t<meta property=\"og:image:type\" content=\"image\/jpeg\" \/>\n<meta name=\"twitter:card\" content=\"summary_large_image\" \/>\n<meta name=\"twitter:label1\" content=\"Est. reading time\" \/>\n\t<meta name=\"twitter:data1\" content=\"1 minute\" \/>\n<script type=\"application\/ld+json\" class=\"yoast-schema-graph\">{\"@context\":\"https:\/\/schema.org\",\"@graph\":[{\"@type\":\"WebSite\",\"@id\":\"https:\/\/ordertactics.es\/#website\",\"url\":\"https:\/\/ordertactics.es\/\",\"name\":\"Order Tactics\",\"description\":\"Organizing your world\",\"potentialAction\":[{\"@type\":\"SearchAction\",\"target\":{\"@type\":\"EntryPoint\",\"urlTemplate\":\"https:\/\/ordertactics.es\/?s={search_term_string}\"},\"query-input\":\"required name=search_term_string\"}],\"inLanguage\":\"en-US\"},{\"@type\":\"ImageObject\",\"@id\":\"https:\/\/ordertactics.es\/contacto\/#primaryimage\",\"inLanguage\":\"en-US\",\"url\":\"https:\/\/ordertactics.es\/wp-content\/uploads\/2022\/02\/Order-tactics-contacto-cita.jpg\",\"contentUrl\":\"https:\/\/ordertactics.es\/wp-content\/uploads\/2022\/02\/Order-tactics-contacto-cita.jpg\",\"width\":1920,\"height\":1280},{\"@type\":\"WebPage\",\"@id\":\"https:\/\/ordertactics.es\/contacto\/#webpage\",\"url\":\"https:\/\/ordertactics.es\/contacto\/\",\"name\":\"Contacto - Order Tactics\",\"isPartOf\":{\"@id\":\"https:\/\/ordertactics.es\/#website\"},\"primaryImageOfPage\":{\"@id\":\"https:\/\/ordertactics.es\/contacto\/#primaryimage\"},\"datePublished\":\"2018-05-02T06:42:44+00:00\",\"dateModified\":\"2022-03-01T19:42:57+00:00\",\"breadcrumb\":{\"@id\":\"https:\/\/ordertactics.es\/contacto\/#breadcrumb\"},\"inLanguage\":\"en-US\",\"potentialAction\":[{\"@type\":\"ReadAction\",\"target\":[\"https:\/\/ordertactics.es\/contacto\/\"]}]},{\"@type\":\"BreadcrumbList\",\"@id\":\"https:\/\/ordertactics.es\/contacto\/#breadcrumb\",\"itemListElement\":[{\"@type\":\"ListItem\",\"position\":1,\"name\":\"Portada\",\"item\":\"https:\/\/ordertactics.es\/\"},{\"@type\":\"ListItem\",\"position\":2,\"name\":\"Contacto\"}]}]}<\/script>\n<!-- \/ Yoast SEO plugin. -->","yoast_head_json":{"title":"Contacto - Order Tactics","robots":{"index":"index","follow":"follow","max-snippet":"max-snippet:-1","max-image-preview":"max-image-preview:large","max-video-preview":"max-video-preview:-1"},"canonical":"https:\/\/ordertactics.es\/en\/contact\/","og_locale":"en_US","og_type":"article","og_title":"Contacto - Order Tactics","og_url":"https:\/\/ordertactics.es\/en\/contact\/","og_site_name":"Order Tactics","article_modified_time":"2022-03-01T19:42:57+00:00","og_image":[{"width":1920,"height":1280,"url":"https:\/\/ordertactics.es\/wp-content\/uploads\/2022\/02\/Order-tactics-contacto-cita.jpg","type":"image\/jpeg"}],"twitter_card":"summary_large_image","twitter_misc":{"Est. reading time":"1 minute"},"schema":{"@context":"https:\/\/schema.org","@graph":[{"@type":"WebSite","@id":"https:\/\/ordertactics.es\/#website","url":"https:\/\/ordertactics.es\/","name":"Order Tactics","description":"Organizing your world","potentialAction":[{"@type":"SearchAction","target":{"@type":"EntryPoint","urlTemplate":"https:\/\/ordertactics.es\/?s={search_term_string}"},"query-input":"required name=search_term_string"}],"inLanguage":"en-US"},{"@type":"ImageObject","@id":"https:\/\/ordertactics.es\/contacto\/#primaryimage","inLanguage":"en-US","url":"https:\/\/ordertactics.es\/wp-content\/uploads\/2022\/02\/Order-tactics-contacto-cita.jpg","contentUrl":"https:\/\/ordertactics.es\/wp-content\/uploads\/2022\/02\/Order-tactics-contacto-cita.jpg","width":1920,"height":1280},{"@type":"WebPage","@id":"https:\/\/ordertactics.es\/contacto\/#webpage","url":"https:\/\/ordertactics.es\/contacto\/","name":"Contacto - Order Tactics","isPartOf":{"@id":"https:\/\/ordertactics.es\/#website"},"primaryImageOfPage":{"@id":"https:\/\/ordertactics.es\/contacto\/#primaryimage"},"datePublished":"2018-05-02T06:42:44+00:00","dateModified":"2022-03-01T19:42:57+00:00","breadcrumb":{"@id":"https:\/\/ordertactics.es\/contacto\/#breadcrumb"},"inLanguage":"en-US","potentialAction":[{"@type":"ReadAction","target":["https:\/\/ordertactics.es\/contacto\/"]}]},{"@type":"BreadcrumbList","@id":"https:\/\/ordertactics.es\/contacto\/#breadcrumb","itemListElement":[{"@type":"ListItem","position":1,"name":"Portada","item":"https:\/\/ordertactics.es\/"},{"@type":"ListItem","position":2,"name":"Contacto"}]}]}},"_links":{"self":[{"href":"https:\/\/ordertactics.es\/en\/wp-json\/wp\/v2\/pages\/2813"}],"collection":[{"href":"https:\/\/ordertactics.es\/en\/wp-json\/wp\/v2\/pages"}],"about":[{"href":"https:\/\/ordertactics.es\/en\/wp-json\/wp\/v2\/types\/page"}],"author":[{"embeddable":true,"href":"https:\/\/ordertactics.es\/en\/wp-json\/wp\/v2\/users\/1"}],"replies":[{"embeddable":true,"href":"https:\/\/ordertactics.es\/en\/wp-json\/wp\/v2\/comments?post=2813"}],"version-history":[{"count":11,"href":"https:\/\/ordertactics.es\/en\/wp-json\/wp\/v2\/pages\/2813\/revisions"}],"predecessor-version":[{"id":3536,"href":"https:\/\/ordertactics.es\/en\/wp-json\/wp\/v2\/pages\/2813\/revisions\/3536"}],"wp:featuredmedia":[{"embeddable":true,"href":"https:\/\/ordertactics.es\/en\/wp-json\/wp\/v2\/media\/3286"}],"wp:attachment":[{"href":"https:\/\/ordertactics.es\/en\/wp-json\/wp\/v2\/media?parent=2813"}],"curies":[{"name":"wp","href":"https:\/\/api.w.org\/{rel}","templated":true}]}}